{"id":130,"date":"2017-08-08T13:11:13","date_gmt":"2017-08-08T16:11:13","guid":{"rendered":"http:\/\/www.trackdev.com.br\/Projetos\/campestre-053\/?page_id=130"},"modified":"2025-06-20T15:28:35","modified_gmt":"2025-06-20T18:28:35","slug":"valores-de-convites-alugueis-e-entrada-de-menores","status":"publish","type":"page","link":"https:\/\/campestrevarginha.com.br\/site\/valores-de-convites-alugueis-e-entrada-de-menores\/","title":{"rendered":"Valores de convites, alugu\u00e9is e entrada de menores"},"content":{"rendered":"\t\t<div data-elementor-type=\"wp-page\" data-elementor-id=\"130\" class=\"elementor elementor-130\" data-elementor-post-type=\"page\">\n\t\t\t\t\t\t<section class=\"elementor-section elementor-top-section elementor-element elementor-element-ff8408d elementor-section-boxed elementor-section-height-default elementor-section-height-default wpr-particle-no wpr-jarallax-no wpr-parallax-no wpr-sticky-section-no\" data-id=\"ff8408d\" data-element_type=\"section\" data-settings=\"{&quot;jet_parallax_layout_list&quot;:[],&quot;background_background&quot;:&quot;classic&quot;}\">\n\t\t\t\t\t\t<div class=\"elementor-container elementor-column-gap-default\">\n\t\t\t\t\t<div class=\"elementor-column elementor-col-100 elementor-top-column elementor-element elementor-element-2b4cd4f\" data-id=\"2b4cd4f\" data-element_type=\"column\">\n\t\t\t<div class=\"elementor-widget-wrap elementor-element-populated\">\n\t\t\t\t\t\t<div class=\"elementor-element elementor-element-99ca8eb elementor-widget elementor-widget-heading\" data-id=\"99ca8eb\" data-element_type=\"widget\" data-widget_type=\"heading.default\">\n\t\t\t\t<div class=\"elementor-widget-container\">\n\t\t\t\t\t<h3 class=\"elementor-heading-title elementor-size-default\">Valores de convites, alugu\u00e9is e entrada de menores<\/h3>\t\t\t\t<\/div>\n\t\t\t\t<\/div>\n\t\t\t\t\t<\/div>\n\t\t<\/div>\n\t\t\t\t\t<\/div>\n\t\t<\/section>\n\t\t\t\t<section class=\"elementor-section elementor-top-section elementor-element elementor-element-14d0b7dd elementor-section-boxed elementor-section-height-default elementor-section-height-default wpr-particle-no wpr-jarallax-no wpr-parallax-no wpr-sticky-section-no\" data-id=\"14d0b7dd\" data-element_type=\"section\" data-settings=\"{&quot;jet_parallax_layout_list&quot;:[]}\">\n\t\t\t\t\t\t<div class=\"elementor-container elementor-column-gap-default\">\n\t\t\t\t\t<div class=\"elementor-column elementor-col-100 elementor-top-column elementor-element elementor-element-abeebb5\" data-id=\"abeebb5\" data-element_type=\"column\">\n\t\t\t<div class=\"elementor-widget-wrap\">\n\t\t\t\t\t\t\t<\/div>\n\t\t<\/div>\n\t\t\t\t\t<\/div>\n\t\t<\/section>\n\t\t\t\t<section class=\"elementor-section elementor-top-section elementor-element elementor-element-61921a8 elementor-section-boxed elementor-section-height-default elementor-section-height-default wpr-particle-no wpr-jarallax-no wpr-parallax-no wpr-sticky-section-no\" data-id=\"61921a8\" data-element_type=\"section\" data-settings=\"{&quot;jet_parallax_layout_list&quot;:[]}\">\n\t\t\t\t\t\t<div class=\"elementor-container elementor-column-gap-default\">\n\t\t\t\t\t<div class=\"elementor-column elementor-col-100 elementor-top-column elementor-element elementor-element-fceab8b\" data-id=\"fceab8b\" data-element_type=\"column\">\n\t\t\t<div class=\"elementor-widget-wrap elementor-element-populated\">\n\t\t\t\t\t\t<div class=\"elementor-element elementor-element-47987b9 elementor-widget elementor-widget-heading\" data-id=\"47987b9\" data-element_type=\"widget\" data-widget_type=\"heading.default\">\n\t\t\t\t<div class=\"elementor-widget-container\">\n\t\t\t\t\t<h2 class=\"elementor-heading-title elementor-size-default\">VALORES A SEREM COBRADOS A PARTIR DE 17\/02\/2025<\/h2>\t\t\t\t<\/div>\n\t\t\t\t<\/div>\n\t\t\t\t<section class=\"elementor-section elementor-inner-section elementor-element elementor-element-870f9fe elementor-section-boxed elementor-section-height-default elementor-section-height-default wpr-particle-no wpr-jarallax-no wpr-parallax-no wpr-sticky-section-no\" data-id=\"870f9fe\" data-element_type=\"section\" data-settings=\"{&quot;jet_parallax_layout_list&quot;:[]}\">\n\t\t\t\t\t\t<div class=\"elementor-container elementor-column-gap-default\">\n\t\t\t\t\t<div class=\"elementor-column elementor-col-33 elementor-inner-column elementor-element elementor-element-61fba9a\" data-id=\"61fba9a\" data-element_type=\"column\">\n\t\t\t<div class=\"elementor-widget-wrap elementor-element-populated\">\n\t\t\t\t\t\t<div class=\"elementor-element elementor-element-7956b39 elementor-widget elementor-widget-text-editor\" data-id=\"7956b39\" data-element_type=\"widget\" data-widget_type=\"text-editor.default\">\n\t\t\t\t<div class=\"elementor-widget-container\">\n\t\t\t\t\t\t\t\t\t<h3><strong><u>1)<\/u><u> &#8211; Ranch\u00e3o:<\/u><\/strong><\/h3>\n<h5><strong>Taxa de manuten\u00e7\u00e3o &#8230;&#8230; R$ 500,00<\/strong><\/h5>\n<h5><strong>Cau\u00e7\u00e3o &#8230;&#8230;&#8230;&#8230;&#8230;&#8230;&#8230; R$ 1.000,00<\/strong><\/h5>\n<p><strong>+\u00a0 R$ 30,00\u00a0 (trinta reais) por convidado n\u00e3o associado, acima de 10 anos de idade.<\/strong><\/p>\n<p><strong>Hor\u00e1rios de utiliza\u00e7\u00e3o:\u00a0<\/strong><\/p>\n<p>De ter\u00e7a a s\u00e1bado das 10h \u00e0s 21h.<br \/>Aos domingos das 10h \u00e0s 19h.<\/p>\t\t\t\t\t\t\t\t<\/div>\n\t\t\t\t<\/div>\n\t\t\t\t\t<\/div>\n\t\t<\/div>\n\t\t\t\t<div class=\"elementor-column elementor-col-33 elementor-inner-column elementor-element elementor-element-c715fcd\" data-id=\"c715fcd\" data-element_type=\"column\">\n\t\t\t<div class=\"elementor-widget-wrap elementor-element-populated\">\n\t\t\t\t\t\t<div class=\"elementor-element elementor-element-a0f4ce8 elementor-widget elementor-widget-text-editor\" data-id=\"a0f4ce8\" data-element_type=\"widget\" data-widget_type=\"text-editor.default\">\n\t\t\t\t<div class=\"elementor-widget-container\">\n\t\t\t\t\t\t\t\t\t<h3><strong><u>2) &#8211; Dourado III:<\/u><\/strong><\/h3>\n<h5><strong>Taxa de manuten\u00e7\u00e3o &#8230;&#8230;. R$ 100,00<\/strong><\/h5>\n<p><strong>+\u00a0 R$ 20,00\u00a0 (vinte reais) por convidado n\u00e3o associado, acima de 10 anos de idade.<\/strong><\/p>\n<p><strong>Hor\u00e1rios de utiliza\u00e7\u00e3o:\u00a0<\/strong><br \/>de 10h \u00e0s 20h<\/p>\n<p>Obs.: convidados n\u00e3o associados para o ranch\u00e3o e dourado III dever\u00e3o usar braceletes.<\/p>\t\t\t\t\t\t\t\t<\/div>\n\t\t\t\t<\/div>\n\t\t\t\t\t<\/div>\n\t\t<\/div>\n\t\t\t\t<div class=\"elementor-column elementor-col-33 elementor-inner-column elementor-element elementor-element-00b77ca\" data-id=\"00b77ca\" data-element_type=\"column\">\n\t\t\t<div class=\"elementor-widget-wrap elementor-element-populated\">\n\t\t\t\t\t\t<div class=\"elementor-element elementor-element-08a2321 elementor-widget elementor-widget-text-editor\" data-id=\"08a2321\" data-element_type=\"widget\" data-widget_type=\"text-editor.default\">\n\t\t\t\t<div class=\"elementor-widget-container\">\n\t\t\t\t\t\t\t\t\t<h3><span style=\"text-decoration-line: underline;\"><strong>3) \u2013 Acesso a convidados n\u00e3o residentes na cidade de Varginha<\/strong><strong>:<\/strong><\/span><\/h3>\n<p><strong>N\u00e3o Usu\u00e1rios:<\/strong> \u00a7 3\u00ba O acesso de visitante\/n\u00e3o usu\u00e1rio se dar\u00e1 atrav\u00e9s da expedi\u00e7\u00e3o de convite tamb\u00e9m pela Secretaria\/Tesouraria ou Portaria, podendo este fazer uso apenas dos locais pr\u00e9-determinados, e durante os dias e hor\u00e1rios autorizados pela Diretoria al\u00e9m de utilizarem a pulseira de visitante, durante todo o per\u00edodo de sua perman\u00eancia no clube. O associado apresentante ser\u00e1 respons\u00e1vel pelo pagamento da taxa respectiva caso o seu convidado\/n\u00e3o usu\u00e1rio utilize instala\u00e7\u00f5es n\u00e3o autorizadas ou permane\u00e7a al\u00e9m dos hor\u00e1rios permitidos;<\/p>\n<p><br \/><strong>Usu\u00e1rios<\/strong>: \u00a7 3\u00ba O acesso do visitante\/usu\u00e1rio se dar\u00e1 atrav\u00e9s da expedi\u00e7\u00e3o de convite pela<br \/>Secretaria\/Tesouraria ou Portaria, com o pagamento da taxa\/dia estipulada conforme tabela de valores;<\/p>\n<p>\u00a0<\/p>\n<p>\u00a0<\/p>\t\t\t\t\t\t\t\t<\/div>\n\t\t\t\t<\/div>\n\t\t\t\t\t<\/div>\n\t\t<\/div>\n\t\t\t\t\t<\/div>\n\t\t<\/section>\n\t\t\t\t\t<\/div>\n\t\t<\/div>\n\t\t\t\t\t<\/div>\n\t\t<\/section>\n\t\t\t\t<section class=\"elementor-section elementor-top-section elementor-element elementor-element-5dfcde8 elementor-section-boxed elementor-section-height-default elementor-section-height-default wpr-particle-no wpr-jarallax-no wpr-parallax-no wpr-sticky-section-no\" data-id=\"5dfcde8\" data-element_type=\"section\" data-settings=\"{&quot;jet_parallax_layout_list&quot;:[]}\">\n\t\t\t\t\t\t<div class=\"elementor-container elementor-column-gap-default\">\n\t\t\t\t\t<div class=\"elementor-column elementor-col-100 elementor-top-column elementor-element elementor-element-bd2d283\" data-id=\"bd2d283\" data-element_type=\"column\">\n\t\t\t<div class=\"elementor-widget-wrap elementor-element-populated\">\n\t\t\t\t\t\t<section class=\"elementor-section elementor-inner-section elementor-element elementor-element-0394d1d elementor-section-boxed elementor-section-height-default elementor-section-height-default wpr-particle-no wpr-jarallax-no wpr-parallax-no wpr-sticky-section-no\" data-id=\"0394d1d\" data-element_type=\"section\" data-settings=\"{&quot;jet_parallax_layout_list&quot;:[]}\">\n\t\t\t\t\t\t<div class=\"elementor-container elementor-column-gap-default\">\n\t\t\t\t\t<div class=\"elementor-column elementor-col-50 elementor-inner-column elementor-element elementor-element-7ae7edb\" data-id=\"7ae7edb\" data-element_type=\"column\">\n\t\t\t<div class=\"elementor-widget-wrap elementor-element-populated\">\n\t\t\t\t\t\t<div class=\"elementor-element elementor-element-b01d93e elementor-widget elementor-widget-text-editor\" data-id=\"b01d93e\" data-element_type=\"widget\" data-widget_type=\"text-editor.default\">\n\t\t\t\t<div class=\"elementor-widget-container\">\n\t\t\t\t\t\t\t\t\t<h3><span style=\"text-decoration: underline;\"><strong>4) \u2013 Acesso a convidados, \u00e0s churrasqueiras, por n\u00e3o usu\u00e1rios, residentes fora da cidade de Varginha:<\/strong><\/span><\/h3>\n<p>\u00c9 autorizada o acesso gratuito \u00e0s churrasqueiras, incluindo do Campo, Complexo Homero Frota, cozinha da Bocha, Squash, Gin\u00e1sio e das aves, para convidados n\u00e3o usu\u00e1rios e residentes fora de Varginha, podendo fazer uso apenas das churrasqueiras e durante os dias e hor\u00e1rios autorizados pela Diretoria, al\u00e9m de utilizarem a pulseira de visitante, durante todo o per\u00edodo de sua perman\u00eancia no clube.<\/p>\t\t\t\t\t\t\t\t<\/div>\n\t\t\t\t<\/div>\n\t\t\t\t\t<\/div>\n\t\t<\/div>\n\t\t\t\t<div class=\"elementor-column elementor-col-50 elementor-inner-column elementor-element elementor-element-d4d7043\" data-id=\"d4d7043\" data-element_type=\"column\">\n\t\t\t<div class=\"elementor-widget-wrap elementor-element-populated\">\n\t\t\t\t\t\t<div class=\"elementor-element elementor-element-5f92f67 elementor-widget elementor-widget-text-editor\" data-id=\"5f92f67\" data-element_type=\"widget\" data-widget_type=\"text-editor.default\">\n\t\t\t\t<div class=\"elementor-widget-container\">\n\t\t\t\t\t\t\t\t\t<h3><span style=\"text-decoration: underline;\"><strong>5) &#8211; Restaurante Central\/Esportes &#8211; Loca\u00e7\u00e3o parcial:<\/strong><\/span><\/h3>\n<p><strong>De Segunda a S\u00e1bado<\/strong><\/p>\n<p><strong><u>Empresas: <\/u><\/strong><strong>\u00a0\u00a0\u00a0<\/strong>\u2026\u2026\u2026\u2026\u2026\u2026&#8230;&#8230;\u2026\u2026\u2026\u2026\u2026\u2026..<strong> R$ 2.000,00<\/strong><\/p>\t\t\t\t\t\t\t\t<\/div>\n\t\t\t\t<\/div>\n\t\t\t\t\t<\/div>\n\t\t<\/div>\n\t\t\t\t\t<\/div>\n\t\t<\/section>\n\t\t\t\t\t<\/div>\n\t\t<\/div>\n\t\t\t\t\t<\/div>\n\t\t<\/section>\n\t\t\t\t<section class=\"elementor-section elementor-top-section elementor-element elementor-element-244f2de elementor-section-boxed elementor-section-height-default elementor-section-height-default wpr-particle-no wpr-jarallax-no wpr-parallax-no wpr-sticky-section-no\" data-id=\"244f2de\" data-element_type=\"section\" data-settings=\"{&quot;jet_parallax_layout_list&quot;:[]}\">\n\t\t\t\t\t\t<div class=\"elementor-container elementor-column-gap-default\">\n\t\t\t\t\t<div class=\"elementor-column elementor-col-100 elementor-top-column elementor-element elementor-element-9901cf8\" data-id=\"9901cf8\" data-element_type=\"column\">\n\t\t\t<div class=\"elementor-widget-wrap elementor-element-populated\">\n\t\t\t\t\t\t<section class=\"elementor-section elementor-inner-section elementor-element elementor-element-3c4e910 elementor-section-boxed elementor-section-height-default elementor-section-height-default wpr-particle-no wpr-jarallax-no wpr-parallax-no wpr-sticky-section-no\" data-id=\"3c4e910\" data-element_type=\"section\" data-settings=\"{&quot;jet_parallax_layout_list&quot;:[]}\">\n\t\t\t\t\t\t<div class=\"elementor-container elementor-column-gap-default\">\n\t\t\t\t\t<div class=\"elementor-column elementor-col-50 elementor-inner-column elementor-element elementor-element-89173c6\" data-id=\"89173c6\" data-element_type=\"column\">\n\t\t\t<div class=\"elementor-widget-wrap elementor-element-populated\">\n\t\t\t\t\t\t<div class=\"elementor-element elementor-element-c821ed8 elementor-widget elementor-widget-text-editor\" data-id=\"c821ed8\" data-element_type=\"widget\" data-widget_type=\"text-editor.default\">\n\t\t\t\t<div class=\"elementor-widget-container\">\n\t\t\t\t\t\t\t\t\t<h3><u>6)<\/u><strong><u> &#8211; Sede Social:<\/u><\/strong><\/h3>\n<div><span style=\"text-decoration: underline;\"><strong>Indispon\u00edvel para reservas no per\u00edodo de 20\/11 a 06\/01<\/strong><\/span><\/div>\n<div><strong><u>\u00a0<\/u><\/strong><\/div>\n<p><strong>I \u2013 a) Casamentos de Filhos de Associados \u2026\u2026..R$\u00a0 6.000,00<\/strong><\/p>\n<ol>\n<li><strong>b) Eventos de Entidades Beneficente (limitados a crit\u00e9rio <\/strong><strong>da Diretoria) \u2026&#8230;..\u2026\u2026\u2026\u2026\u2026\u2026\u2026\u2026\u2026\u2026\u2026\u2026\u2026\u2026\u2026\u2026\u2026\u2026\u2026 R$\u00a0 3.000,00<\/strong><\/li>\n<\/ol>\n<p>Com permiss\u00e3o para utilizar o sal\u00e3o no dia anterior ao evento, no hor\u00e1rio de 09h00 as 21h00, para montagem de mesas e cadeiras, decora\u00e7\u00e3o, funcionamento de freezers com bebidas, utiliza\u00e7\u00e3o da cozinha pelo Buffet para prepara\u00e7\u00e3o de alimentos.<\/p>\n<p>N\u00e3o haver\u00e1 autoriza\u00e7\u00e3o para dep\u00f3sito de materiais e utiliza\u00e7\u00e3o do local em outros dias e nem ser\u00e1 permitido o pernoite de qualquer pessoa, exceto vigia, se contratado pelo comodat\u00e1rio.<\/p>\n<p><strong>II &#8211; Formaturas de 3\u00ba Grau<\/strong> \u2026\u2026\u2026\u2026\u2026\u2026\u2026\u2026\u2026\u2026\u2026\u2026\u2026\u2026\u2026\u2026\u2026\u2026\u2026\u2026\u2026\u2026&#8230;. <strong>R$18.500,00<\/strong><\/p>\n<p><strong>III &#8211; Outros eventos noturnos n\u00e3o Enquadrados nos itens anteriores \u2026\u2026\u2026\u2026\u2026\u2026\u2026\u2026\u2026\u2026\u2026\u2026\u2026\u2026\u2026\u2026\u2026\u2026\u2026\u2026\u2026\u2026\u2026\u2026\u2026&#8230;&#8230;&#8230;&#8230;&#8230;&#8230; R$ 15.000,00<\/strong><\/p>\n<p>Para utiliza\u00e7\u00e3o do sal\u00e3o no dia anterior ao evento, no hor\u00e1rio de 09h00 as 21h00h, ser\u00e1 cobrada uma taxa adicional de 30% do valor da cess\u00e3o. N\u00e3o ser\u00e1 permitido o pernoite de qualquer pessoa, exceto vigia, se contratado pelo comodat\u00e1rio.<\/p>\n<p><strong>IV \u2013Eventos diurnos (palestras, congressos, semin\u00e1rios, etc) com t\u00e9rmino at\u00e9 as 19h00 ..\u2026\u2026\u2026\u2026\u2026\u2026\u2026\u2026\u2026\u2026\u2026\u2026\u2026\u2026.. <\/strong>por dia<strong> R$3.000,00<\/strong><\/p>\n<p>Obs:\u00a0Nenhum evento poder\u00e1 ultrapassar o limite de 800 pessoas sob pena de multa contratual e todos dever\u00e3o contratar gerador de energia em funcionamento, de acordo com a pot\u00eancia da banda contratada.<\/p>\n<h4><em>As condi\u00e7\u00f5es gerais para todas as loca\u00e7\u00f5es ser\u00e3o definidas em contrato.<\/em><\/h4>\t\t\t\t\t\t\t\t<\/div>\n\t\t\t\t<\/div>\n\t\t\t\t\t<\/div>\n\t\t<\/div>\n\t\t\t\t<div class=\"elementor-column elementor-col-50 elementor-inner-column elementor-element elementor-element-f00411d\" data-id=\"f00411d\" data-element_type=\"column\">\n\t\t\t<div class=\"elementor-widget-wrap elementor-element-populated\">\n\t\t\t\t\t\t<div class=\"elementor-element elementor-element-0684cdc elementor-widget elementor-widget-text-editor\" data-id=\"0684cdc\" data-element_type=\"widget\" data-widget_type=\"text-editor.default\">\n\t\t\t\t<div class=\"elementor-widget-container\">\n\t\t\t\t\t\t\t\t\t<h3><span style=\"text-decoration: underline;\"><strong>7) &#8211; Convites Individuais:<\/strong><\/span><\/h3>\n<p><strong><u>S\u00e1bados, Domingos e Feriados:<\/u><\/strong><\/p>\n<p><strong>1 dia:&nbsp;&nbsp; &#8230;&#8230;&#8230;&#8230;&#8230;&#8230;&#8230;&#8230;&#8230;&#8230;&#8230;&#8230;&#8230;&#8230;&#8230;&#8230;&#8230;&#8230;&#8230;&#8230;.. R$ 150,00<\/strong><\/p>\n<p><u>Dias comuns: (de 2\u00aa a 6\u00aa feira):<\/u><\/p>\n<p><strong>1 dia:&nbsp; &#8230;&#8230;&#8230;&#8230;&#8230;&#8230;&#8230;&#8230;&#8230;&#8230;&#8230;&#8230;&#8230;&#8230;&#8230;&#8230;&#8230;.. R$ 100,00<\/strong><\/p>\n<p><strong><u>Pacotes com descontos:<\/u><\/strong><\/p>\n<p><strong>V\u00e1rios convites, por dia:<\/strong><\/p>\n<p>De 05 a 10 convites &#8211; desconto de 20%<\/p>\n<p>Acima de 10 convites &#8211; desconto de 30%<\/p>\n<p><strong>V\u00e1rios dias, por pessoa:<\/strong><\/p>\n<p><strong>07 dias<\/strong>&nbsp;&#8211; valor normal = R$800,00 &#8211; &nbsp;&nbsp;&nbsp;(desconto de 30%)= R$ 560,00 &#8211; Filho &#8211; R$ 280,00<\/p>\n<p><strong>14 dias<\/strong>&nbsp;&#8211; valor normal = R$1.600,00 &#8211; (desconto de 35%)= R$1040,00 &#8211; Filho &#8211; R$ 520,00<\/p>\n<p><strong>28 dias<\/strong>&nbsp;&#8211; valor normal = R$3.200,00 &#8211; (desconto de 40%)= R$1.920,00 &#8211; Filho &#8211; R$960,00<\/p>\n<p>* Esses pacotes ser\u00e3o utilizados para dias corridos.<\/p>\n<p><u>Obs:<\/u> Convidados de 06 at\u00e9 12 anos e filhos de s\u00f3cios residentes fora de Varginha ter\u00e3o REDU\u00c7\u00c3O DE 50% nos valores dos convites. Menores de 6 anos est\u00e3o dispensados de pagamentos.<\/p>\n<p>A Diretoria.<\/p>\t\t\t\t\t\t\t\t<\/div>\n\t\t\t\t<\/div>\n\t\t\t\t\t<\/div>\n\t\t<\/div>\n\t\t\t\t\t<\/div>\n\t\t<\/section>\n\t\t\t\t\t<\/div>\n\t\t<\/div>\n\t\t\t\t\t<\/div>\n\t\t<\/section>\n\t\t\t\t<\/div>\n\t\t","protected":false},"excerpt":{"rendered":"<p>Valores de convites, alugu\u00e9is e entrada de menores VALORES A SEREM COBRADOS A PARTIR DE 17\/02\/2025 1) &#8211; Ranch\u00e3o: Taxa de manuten\u00e7\u00e3o &#8230;&#8230; R$ 500,00 Cau\u00e7\u00e3o &#8230;&#8230;&#8230;&#8230;&#8230;&#8230;&#8230; R$ 1.000,00 +\u00a0 R$ 30,00\u00a0 (trinta reais) por convidado n\u00e3o associado, acima de 10 anos de idade. Hor\u00e1rios de utiliza\u00e7\u00e3o:\u00a0 De ter\u00e7a a s\u00e1bado das 10h \u00e0s 21h.Aos domingos das 10h \u00e0s 19h. 2) &#8211; Dourado III: Taxa de manuten\u00e7\u00e3o &#8230;&#8230;. R$ 100,00 +\u00a0 R$ 20,00\u00a0 (vinte reais) por convidado n\u00e3o associado, acima de 10 anos de idade. Hor\u00e1rios de utiliza\u00e7\u00e3o:\u00a0de 10h \u00e0s 20h Obs.: convidados n\u00e3o associados para o ranch\u00e3o e dourado III dever\u00e3o usar braceletes. 3) \u2013 Acesso a convidados n\u00e3o residentes na cidade de Varginha: N\u00e3o Usu\u00e1rios: \u00a7 3\u00ba O acesso de visitante\/n\u00e3o usu\u00e1rio se dar\u00e1 atrav\u00e9s da expedi\u00e7\u00e3o de convite tamb\u00e9m pela Secretaria\/Tesouraria ou Portaria, podendo este fazer uso apenas dos locais pr\u00e9-determinados, e durante os dias e hor\u00e1rios autorizados pela Diretoria al\u00e9m de utilizarem a pulseira de visitante, durante todo o per\u00edodo de sua perman\u00eancia no clube. O associado apresentante ser\u00e1 respons\u00e1vel pelo pagamento da taxa respectiva caso o seu convidado\/n\u00e3o usu\u00e1rio utilize instala\u00e7\u00f5es n\u00e3o autorizadas ou permane\u00e7a al\u00e9m dos hor\u00e1rios permitidos; Usu\u00e1rios: \u00a7 3\u00ba O acesso do visitante\/usu\u00e1rio se dar\u00e1 atrav\u00e9s da expedi\u00e7\u00e3o de convite pelaSecretaria\/Tesouraria ou Portaria, com o pagamento da taxa\/dia estipulada conforme tabela de valores; \u00a0 \u00a0 4) \u2013 Acesso a convidados, \u00e0s churrasqueiras, por n\u00e3o usu\u00e1rios, residentes fora da cidade de Varginha: \u00c9 autorizada o acesso gratuito \u00e0s churrasqueiras, incluindo do Campo, Complexo Homero Frota, cozinha da Bocha, Squash, Gin\u00e1sio e das aves, para convidados n\u00e3o usu\u00e1rios e residentes fora de Varginha, podendo fazer uso apenas das churrasqueiras e durante os dias e hor\u00e1rios autorizados pela Diretoria, al\u00e9m de utilizarem a pulseira de visitante, durante todo o per\u00edodo de sua perman\u00eancia no clube. 5) &#8211; Restaurante Central\/Esportes &#8211; Loca\u00e7\u00e3o parcial: De Segunda a S\u00e1bado Empresas: \u00a0\u00a0\u00a0\u2026\u2026\u2026\u2026\u2026\u2026&#8230;&#8230;\u2026\u2026\u2026\u2026\u2026\u2026.. R$ 2.000,00 6) &#8211; Sede Social: Indispon\u00edvel para reservas no per\u00edodo de 20\/11 a 06\/01 \u00a0 I \u2013 a) Casamentos de Filhos de Associados \u2026\u2026..R$\u00a0 6.000,00 b) Eventos de Entidades Beneficente (limitados a crit\u00e9rio da Diretoria) \u2026&#8230;..\u2026\u2026\u2026\u2026\u2026\u2026\u2026\u2026\u2026\u2026\u2026\u2026\u2026\u2026\u2026\u2026\u2026\u2026\u2026 R$\u00a0 3.000,00 Com permiss\u00e3o para utilizar o sal\u00e3o no dia anterior ao evento, no hor\u00e1rio de 09h00 as 21h00, para montagem de mesas e cadeiras, decora\u00e7\u00e3o, funcionamento de freezers com bebidas, utiliza\u00e7\u00e3o da cozinha pelo Buffet para prepara\u00e7\u00e3o de alimentos. N\u00e3o haver\u00e1 autoriza\u00e7\u00e3o para dep\u00f3sito de materiais e utiliza\u00e7\u00e3o do local em outros dias e nem ser\u00e1 permitido o pernoite de qualquer pessoa, exceto vigia, se contratado pelo comodat\u00e1rio. II &#8211; Formaturas de 3\u00ba Grau \u2026\u2026\u2026\u2026\u2026\u2026\u2026\u2026\u2026\u2026\u2026\u2026\u2026\u2026\u2026\u2026\u2026\u2026\u2026\u2026\u2026\u2026&#8230;. R$18.500,00 III &#8211; Outros eventos noturnos n\u00e3o Enquadrados nos itens anteriores \u2026\u2026\u2026\u2026\u2026\u2026\u2026\u2026\u2026\u2026\u2026\u2026\u2026\u2026\u2026\u2026\u2026\u2026\u2026\u2026\u2026\u2026\u2026\u2026\u2026&#8230;&#8230;&#8230;&#8230;&#8230;&#8230; R$ 15.000,00 Para utiliza\u00e7\u00e3o do sal\u00e3o no dia anterior ao evento, no hor\u00e1rio de 09h00 as 21h00h, ser\u00e1 cobrada uma taxa adicional de 30% do valor da cess\u00e3o. N\u00e3o ser\u00e1 permitido o pernoite de qualquer pessoa, exceto vigia, se contratado pelo comodat\u00e1rio. IV \u2013Eventos diurnos (palestras, congressos, semin\u00e1rios, etc) com t\u00e9rmino at\u00e9 as 19h00 ..\u2026\u2026\u2026\u2026\u2026\u2026\u2026\u2026\u2026\u2026\u2026\u2026\u2026\u2026.. por dia R$3.000,00 Obs:\u00a0Nenhum evento poder\u00e1 ultrapassar o limite de 800 pessoas sob pena de multa contratual e todos dever\u00e3o contratar gerador de energia em funcionamento, de acordo com a pot\u00eancia da banda contratada. As condi\u00e7\u00f5es gerais para todas as loca\u00e7\u00f5es ser\u00e3o definidas em contrato. 7) &#8211; Convites Individuais: S\u00e1bados, Domingos e Feriados: 1 dia:&nbsp;&nbsp; &#8230;&#8230;&#8230;&#8230;&#8230;&#8230;&#8230;&#8230;&#8230;&#8230;&#8230;&#8230;&#8230;&#8230;&#8230;&#8230;&#8230;&#8230;&#8230;&#8230;.. R$ 150,00 Dias comuns: (de 2\u00aa a 6\u00aa feira): 1 dia:&nbsp; &#8230;&#8230;&#8230;&#8230;&#8230;&#8230;&#8230;&#8230;&#8230;&#8230;&#8230;&#8230;&#8230;&#8230;&#8230;&#8230;&#8230;.. R$ 100,00 Pacotes com descontos: V\u00e1rios convites, por dia: De 05 a 10 convites &#8211; desconto de 20% Acima de 10 convites &#8211; desconto de 30% V\u00e1rios dias, por pessoa: 07 dias&nbsp;&#8211; valor normal = R$800,00 &#8211; &nbsp;&nbsp;&nbsp;(desconto de 30%)= R$ 560,00 &#8211; Filho &#8211; R$ 280,00 14 dias&nbsp;&#8211; valor normal = R$1.600,00 &#8211; (desconto de 35%)= R$1040,00 &#8211; Filho &#8211; R$ 520,00 28 dias&nbsp;&#8211; valor normal = R$3.200,00 &#8211; (desconto de 40%)= R$1.920,00 &#8211; Filho &#8211; R$960,00 * Esses pacotes ser\u00e3o utilizados para dias corridos. Obs: Convidados de 06 at\u00e9 12 anos e filhos de s\u00f3cios residentes fora de Varginha ter\u00e3o REDU\u00c7\u00c3O DE 50% nos valores dos convites. Menores de 6 anos est\u00e3o dispensados de pagamentos. A Diretoria.<\/p>\n","protected":false},"author":3,"featured_media":0,"parent":0,"menu_order":0,"comment_status":"closed","ping_status":"closed","template":"","meta":{"footnotes":""},"class_list":["post-130","page","type-page","status-publish","hentry"],"_links":{"self":[{"href":"https:\/\/campestrevarginha.com.br\/site\/wp-json\/wp\/v2\/pages\/130","targetHints":{"allow":["GET"]}}],"collection":[{"href":"https:\/\/campestrevarginha.com.br\/site\/wp-json\/wp\/v2\/pages"}],"about":[{"href":"https:\/\/campestrevarginha.com.br\/site\/wp-json\/wp\/v2\/types\/page"}],"author":[{"embeddable":true,"href":"https:\/\/campestrevarginha.com.br\/site\/wp-json\/wp\/v2\/users\/3"}],"replies":[{"embeddable":true,"href":"https:\/\/campestrevarginha.com.br\/site\/wp-json\/wp\/v2\/comments?post=130"}],"version-history":[{"count":0,"href":"https:\/\/campestrevarginha.com.br\/site\/wp-json\/wp\/v2\/pages\/130\/revisions"}],"wp:attachment":[{"href":"https:\/\/campestrevarginha.com.br\/site\/wp-json\/wp\/v2\/media?parent=130"}],"curies":[{"name":"wp","href":"https:\/\/api.w.org\/{rel}","templated":true}]}}