{"id":2,"date":"2017-06-07T15:41:33","date_gmt":"2017-06-07T18:41:33","guid":{"rendered":"http:\/\/localhost\/Campestre\/?page_id=2"},"modified":"2025-08-15T10:23:35","modified_gmt":"2025-08-15T13:23:35","slug":"sobre","status":"publish","type":"page","link":"https:\/\/campestrevarginha.com.br\/site\/sobre\/","title":{"rendered":"Hist\u00f3ria"},"content":{"rendered":"\t\t<div data-elementor-type=\"wp-page\" data-elementor-id=\"2\" class=\"elementor elementor-2\" data-elementor-post-type=\"page\">\n\t\t\t\t\t\t<section class=\"elementor-section elementor-top-section elementor-element elementor-element-6c4e3fd elementor-section-full_width elementor-section-height-default elementor-section-height-default wpr-particle-no wpr-jarallax-no wpr-parallax-no wpr-sticky-section-no\" data-id=\"6c4e3fd\" data-element_type=\"section\" data-settings=\"{&quot;background_background&quot;:&quot;classic&quot;,&quot;jet_parallax_layout_list&quot;:[]}\">\n\t\t\t\t\t\t<div class=\"elementor-container elementor-column-gap-default\">\n\t\t\t\t\t<div class=\"elementor-column elementor-col-100 elementor-top-column elementor-element elementor-element-c5639e0\" data-id=\"c5639e0\" data-element_type=\"column\">\n\t\t\t<div class=\"elementor-widget-wrap elementor-element-populated\">\n\t\t\t\t\t\t<div class=\"elementor-element elementor-element-bb317e0 elementor-widget elementor-widget-heading\" data-id=\"bb317e0\" data-element_type=\"widget\" data-widget_type=\"heading.default\">\n\t\t\t\t<div class=\"elementor-widget-container\">\n\t\t\t\t\t<h2 class=\"elementor-heading-title elementor-size-default\">ESTRUTURA<\/h2>\t\t\t\t<\/div>\n\t\t\t\t<\/div>\n\t\t\t\t\t<\/div>\n\t\t<\/div>\n\t\t\t\t\t<\/div>\n\t\t<\/section>\n\t\t\t\t<section class=\"elementor-section elementor-top-section elementor-element elementor-element-8a2eae5 elementor-section-boxed elementor-section-height-default elementor-section-height-default wpr-particle-no wpr-jarallax-no wpr-parallax-no wpr-sticky-section-no\" data-id=\"8a2eae5\" data-element_type=\"section\" data-settings=\"{&quot;jet_parallax_layout_list&quot;:[]}\">\n\t\t\t\t\t\t<div class=\"elementor-container elementor-column-gap-default\">\n\t\t\t\t\t<div class=\"elementor-column elementor-col-50 elementor-top-column elementor-element elementor-element-27d03f7\" data-id=\"27d03f7\" data-element_type=\"column\">\n\t\t\t<div class=\"elementor-widget-wrap elementor-element-populated\">\n\t\t\t\t\t\t<div class=\"elementor-element elementor-element-64e105d elementor-arrows-position-inside elementor-pagination-position-outside elementor-widget elementor-widget-image-carousel\" data-id=\"64e105d\" data-element_type=\"widget\" data-settings=\"{&quot;slides_to_show&quot;:&quot;1&quot;,&quot;navigation&quot;:&quot;both&quot;,&quot;autoplay&quot;:&quot;yes&quot;,&quot;pause_on_hover&quot;:&quot;yes&quot;,&quot;pause_on_interaction&quot;:&quot;yes&quot;,&quot;autoplay_speed&quot;:5000,&quot;infinite&quot;:&quot;yes&quot;,&quot;effect&quot;:&quot;slide&quot;,&quot;speed&quot;:500}\" data-widget_type=\"image-carousel.default\">\n\t\t\t\t<div class=\"elementor-widget-container\">\n\t\t\t\t\t\t\t<div class=\"elementor-image-carousel-wrapper swiper\" role=\"region\" aria-roledescription=\"carousel\" aria-label=\"Carrossel de imagens\" dir=\"ltr\">\n\t\t\t<div class=\"elementor-image-carousel swiper-wrapper\" aria-live=\"off\">\n\t\t\t\t\t\t\t\t<div class=\"swiper-slide\" role=\"group\" aria-roledescription=\"slide\" aria-label=\"1 de 5\"><figure class=\"swiper-slide-inner\"><img decoding=\"async\" class=\"swiper-slide-image\" src=\"https:\/\/campestrevarginha.com.br\/site\/wp-content\/uploads\/2025\/04\/1.png\" alt=\"1\" \/><\/figure><\/div><div class=\"swiper-slide\" role=\"group\" aria-roledescription=\"slide\" aria-label=\"2 de 5\"><figure class=\"swiper-slide-inner\"><img decoding=\"async\" class=\"swiper-slide-image\" src=\"https:\/\/campestrevarginha.com.br\/site\/wp-content\/uploads\/2025\/04\/3.png\" alt=\"Nelson Kenso Takamine - Presidente\" \/><\/figure><\/div><div class=\"swiper-slide\" role=\"group\" aria-roledescription=\"slide\" aria-label=\"3 de 5\"><figure class=\"swiper-slide-inner\"><img decoding=\"async\" class=\"swiper-slide-image\" src=\"https:\/\/campestrevarginha.com.br\/site\/wp-content\/uploads\/2025\/04\/2.png\" alt=\"2\" \/><\/figure><\/div><div class=\"swiper-slide\" role=\"group\" aria-roledescription=\"slide\" aria-label=\"4 de 5\"><figure class=\"swiper-slide-inner\"><img decoding=\"async\" class=\"swiper-slide-image\" src=\"https:\/\/campestrevarginha.com.br\/site\/wp-content\/uploads\/2025\/08\/20170119_161154.jpg\" alt=\"20170119_161154\" \/><\/figure><\/div><div class=\"swiper-slide\" role=\"group\" aria-roledescription=\"slide\" aria-label=\"5 de 5\"><figure class=\"swiper-slide-inner\"><img decoding=\"async\" class=\"swiper-slide-image\" src=\"https:\/\/campestrevarginha.com.br\/site\/wp-content\/uploads\/2025\/08\/18102017_campestre002.jpg\" alt=\"18102017_campestre002\" \/><\/figure><\/div>\t\t\t<\/div>\n\t\t\t\t\t\t\t\t\t\t\t\t<div class=\"elementor-swiper-button elementor-swiper-button-prev\" role=\"button\" tabindex=\"0\">\n\t\t\t\t\t\t<i aria-hidden=\"true\" class=\"eicon-chevron-left\"><\/i>\t\t\t\t\t<\/div>\n\t\t\t\t\t<div class=\"elementor-swiper-button elementor-swiper-button-next\" role=\"button\" tabindex=\"0\">\n\t\t\t\t\t\t<i aria-hidden=\"true\" class=\"eicon-chevron-right\"><\/i>\t\t\t\t\t<\/div>\n\t\t\t\t\n\t\t\t\t\t\t\t\t\t<div class=\"swiper-pagination\"><\/div>\n\t\t\t\t\t\t\t\t\t<\/div>\n\t\t\t\t\t\t<\/div>\n\t\t\t\t<\/div>\n\t\t\t\t\t<\/div>\n\t\t<\/div>\n\t\t\t\t<div class=\"elementor-column elementor-col-50 elementor-top-column elementor-element elementor-element-541ca9f\" data-id=\"541ca9f\" data-element_type=\"column\">\n\t\t\t<div class=\"elementor-widget-wrap elementor-element-populated\">\n\t\t\t\t\t\t<div class=\"elementor-element elementor-element-c6c1308 elementor-widget elementor-widget-text-editor\" data-id=\"c6c1308\" data-element_type=\"widget\" data-widget_type=\"text-editor.default\">\n\t\t\t\t<div class=\"elementor-widget-container\">\n\t\t\t\t\t\t\t\t\t<p class=\"cvGsUA direction-ltr align-start para-style-body\"><span class=\"a_GcMg font-feature-liga-off font-feature-clig-off font-feature-calt-off text-decoration-none text-strikethrough-none\">\u00a0<\/span><\/p><p class=\"cvGsUA direction-ltr align-start para-style-body\"><span style=\"font-size: 1rem;\">Localizado na Ilha Grande do Rio Verde, o Clube Campestre de Varginha ocupa mais de 338 mil m\u00b2 e oferece uma estrutura completa para lazer, esporte e conviv\u00eancia. Fundado em 1962, conta com uma equipe dedicada de cerca de 120 funcion\u00e1rios, sempre prontos para garantir o bem-estar dos associados.<\/span><\/p><p class=\"cvGsUA direction-ltr align-start para-style-body\"><span class=\"a_GcMg font-feature-liga-off font-feature-clig-off font-feature-calt-off text-decoration-none text-strikethrough-none\">Entre os principais atrativos est\u00e3o as 11 piscinas, com destaque para a t\u00e9rmica, as saunas seca e a vapor, al\u00e9m de uma charmosa \u00e1rea de pesca com restaurante e ranchos exclusivos. Para confraterniza\u00e7\u00f5es, s\u00e3o 26 churrasqueiras e o Ranch\u00e3o, com capacidade para at\u00e9 150 pessoas.<\/span><\/p><p class=\"cvGsUA direction-ltr align-start para-style-body\"><span class=\"a_GcMg font-feature-liga-off font-feature-clig-off font-feature-calt-off text-decoration-none text-strikethrough-none\">A divers\u00e3o tamb\u00e9m est\u00e1 nas \u00e1reas aqu\u00e1ticas com tobo\u00e1gua e escorregador kamikaze, e no esporte, com 11 quadras de t\u00eanis, campos de futebol, quadras de beach tennis (com novas em constru\u00e7\u00e3o), academia moderna e gin\u00e1sio poliesportivo. O Clube ainda conta com parquinhos e piscinas infantis, garantindo momentos seguros e divertidos para as crian\u00e7as.<\/span><\/p><p class=\"cvGsUA direction-ltr align-start para-style-body\"><span class=\"a_GcMg font-feature-liga-off font-feature-clig-off font-feature-calt-off text-decoration-none text-strikethrough-none\">Um espa\u00e7o pensado para todas as idades, que equilibra natureza, lazer e qualidade de vida.<\/span><\/p>\t\t\t\t\t\t\t\t<\/div>\n\t\t\t\t<\/div>\n\t\t\t\t\t<\/div>\n\t\t<\/div>\n\t\t\t\t\t<\/div>\n\t\t<\/section>\n\t\t\t\t<\/div>\n\t\t","protected":false},"excerpt":{"rendered":"<p>ESTRUTURA \u00a0 Localizado na Ilha Grande do Rio Verde, o Clube Campestre de Varginha ocupa mais de 338 mil m\u00b2 e oferece uma estrutura completa para lazer, esporte e conviv\u00eancia. Fundado em 1962, conta com uma equipe dedicada de cerca de 120 funcion\u00e1rios, sempre prontos para garantir o bem-estar dos associados. Entre os principais atrativos est\u00e3o as 11 piscinas, com destaque para a t\u00e9rmica, as saunas seca e a vapor, al\u00e9m de uma charmosa \u00e1rea de pesca com restaurante e ranchos exclusivos. Para confraterniza\u00e7\u00f5es, s\u00e3o 26 churrasqueiras e o Ranch\u00e3o, com capacidade para at\u00e9 150 pessoas. A divers\u00e3o tamb\u00e9m est\u00e1 nas \u00e1reas aqu\u00e1ticas com tobo\u00e1gua e escorregador kamikaze, e no esporte, com 11 quadras de t\u00eanis, campos de futebol, quadras de beach tennis (com novas em constru\u00e7\u00e3o), academia moderna e gin\u00e1sio poliesportivo. O Clube ainda conta com parquinhos e piscinas infantis, garantindo momentos seguros e divertidos para as crian\u00e7as. Um espa\u00e7o pensado para todas as idades, que equilibra natureza, lazer e qualidade de vida.<\/p>\n","protected":false},"author":3,"featured_media":0,"parent":0,"menu_order":0,"comment_status":"closed","ping_status":"open","template":"","meta":{"footnotes":""},"class_list":["post-2","page","type-page","status-publish","hentry"],"_links":{"self":[{"href":"https:\/\/campestrevarginha.com.br\/site\/wp-json\/wp\/v2\/pages\/2","targetHints":{"allow":["GET"]}}],"collection":[{"href":"https:\/\/campestrevarginha.com.br\/site\/wp-json\/wp\/v2\/pages"}],"about":[{"href":"https:\/\/campestrevarginha.com.br\/site\/wp-json\/wp\/v2\/types\/page"}],"author":[{"embeddable":true,"href":"https:\/\/campestrevarginha.com.br\/site\/wp-json\/wp\/v2\/users\/3"}],"replies":[{"embeddable":true,"href":"https:\/\/campestrevarginha.com.br\/site\/wp-json\/wp\/v2\/comments?post=2"}],"version-history":[{"count":0,"href":"https:\/\/campestrevarginha.com.br\/site\/wp-json\/wp\/v2\/pages\/2\/revisions"}],"wp:attachment":[{"href":"https:\/\/campestrevarginha.com.br\/site\/wp-json\/wp\/v2\/media?parent=2"}],"curies":[{"name":"wp","href":"https:\/\/api.w.org\/{rel}","templated":true}]}}