{"id":8752,"date":"2025-08-14T14:36:09","date_gmt":"2025-08-14T17:36:09","guid":{"rendered":"https:\/\/campestrevarginha.com.br\/site\/?page_id=8752"},"modified":"2026-02-23T09:10:17","modified_gmt":"2026-02-23T12:10:17","slug":"inicio","status":"publish","type":"page","link":"https:\/\/campestrevarginha.com.br\/site\/","title":{"rendered":"In\u00edcio"},"content":{"rendered":"\t\t<div data-elementor-type=\"wp-page\" data-elementor-id=\"8752\" class=\"elementor elementor-8752\" data-elementor-post-type=\"page\">\n\t\t\t\t\t\t<section class=\"elementor-section elementor-top-section elementor-element elementor-element-321b4f4 elementor-section-full_width elementor-section-height-default elementor-section-height-default wpr-particle-no wpr-jarallax-no wpr-parallax-no wpr-sticky-section-no\" data-id=\"321b4f4\" data-element_type=\"section\" data-settings=\"{&quot;jet_parallax_layout_list&quot;:[]}\">\n\t\t\t\t\t\t<div class=\"elementor-container elementor-column-gap-default\">\n\t\t\t\t\t<div class=\"elementor-column elementor-col-100 elementor-top-column elementor-element elementor-element-831bfd5\" data-id=\"831bfd5\" data-element_type=\"column\">\n\t\t\t<div class=\"elementor-widget-wrap elementor-element-populated\">\n\t\t\t\t\t\t<div class=\"elementor-element elementor-element-0dc4e99 elementor-widget elementor-widget-image\" data-id=\"0dc4e99\" data-element_type=\"widget\" data-widget_type=\"image.default\">\n\t\t\t\t<div class=\"elementor-widget-container\">\n\t\t\t\t\t\t\t\t\t\t\t\t\t\t\t<img fetchpriority=\"high\" decoding=\"async\" width=\"2500\" height=\"316\" src=\"https:\/\/campestrevarginha.com.br\/site\/wp-content\/uploads\/2026\/01\/Design-sem-nome-27.jpg\" class=\"attachment-full size-full wp-image-9541\" alt=\"\" srcset=\"https:\/\/campestrevarginha.com.br\/site\/wp-content\/uploads\/2026\/01\/Design-sem-nome-27.jpg 2500w, https:\/\/campestrevarginha.com.br\/site\/wp-content\/uploads\/2026\/01\/Design-sem-nome-27-300x38.jpg 300w, https:\/\/campestrevarginha.com.br\/site\/wp-content\/uploads\/2026\/01\/Design-sem-nome-27-1024x129.jpg 1024w, https:\/\/campestrevarginha.com.br\/site\/wp-content\/uploads\/2026\/01\/Design-sem-nome-27-150x19.jpg 150w, https:\/\/campestrevarginha.com.br\/site\/wp-content\/uploads\/2026\/01\/Design-sem-nome-27-768x97.jpg 768w, https:\/\/campestrevarginha.com.br\/site\/wp-content\/uploads\/2026\/01\/Design-sem-nome-27-1536x194.jpg 1536w, https:\/\/campestrevarginha.com.br\/site\/wp-content\/uploads\/2026\/01\/Design-sem-nome-27-2048x259.jpg 2048w\" sizes=\"(max-width: 2500px) 100vw, 2500px\" \/>\t\t\t\t\t\t\t\t\t\t\t\t\t\t\t<\/div>\n\t\t\t\t<\/div>\n\t\t\t\t\t<\/div>\n\t\t<\/div>\n\t\t\t\t\t<\/div>\n\t\t<\/section>\n\t\t\t\t<section class=\"elementor-section elementor-top-section elementor-element elementor-element-68f109b elementor-section-boxed elementor-section-height-default elementor-section-height-default wpr-particle-no wpr-jarallax-no wpr-parallax-no wpr-sticky-section-no\" data-id=\"68f109b\" data-element_type=\"section\" data-settings=\"{&quot;jet_parallax_layout_list&quot;:[]}\">\n\t\t\t\t\t\t<div class=\"elementor-container elementor-column-gap-default\">\n\t\t\t\t\t<div class=\"elementor-column elementor-col-100 elementor-top-column elementor-element elementor-element-eda994a\" data-id=\"eda994a\" data-element_type=\"column\">\n\t\t\t<div class=\"elementor-widget-wrap elementor-element-populated\">\n\t\t\t\t\t\t<div class=\"elementor-element elementor-element-baad086 elementor-widget elementor-widget-heading\" data-id=\"baad086\" data-element_type=\"widget\" data-widget_type=\"heading.default\">\n\t\t\t\t<div class=\"elementor-widget-container\">\n\t\t\t\t\t<h2 class=\"elementor-heading-title elementor-size-default\">SOL, SA\u00daDE E AMIZADE!<\/h2>\t\t\t\t<\/div>\n\t\t\t\t<\/div>\n\t\t\t\t\t<\/div>\n\t\t<\/div>\n\t\t\t\t\t<\/div>\n\t\t<\/section>\n\t\t\t\t<section class=\"elementor-section elementor-top-section elementor-element elementor-element-c8f67cb elementor-section-boxed elementor-section-height-default elementor-section-height-default wpr-particle-no wpr-jarallax-no wpr-parallax-no wpr-sticky-section-no\" data-id=\"c8f67cb\" data-element_type=\"section\" data-settings=\"{&quot;jet_parallax_layout_list&quot;:[]}\">\n\t\t\t\t\t\t<div class=\"elementor-container elementor-column-gap-default\">\n\t\t\t\t\t<div class=\"elementor-column elementor-col-50 elementor-top-column elementor-element elementor-element-39fbdd4\" data-id=\"39fbdd4\" data-element_type=\"column\">\n\t\t\t<div class=\"elementor-widget-wrap elementor-element-populated\">\n\t\t\t\t\t\t<div class=\"elementor-element elementor-element-ee21dcb elementor-widget__width-initial elementor-widget elementor-widget-text-editor\" data-id=\"ee21dcb\" data-element_type=\"widget\" data-widget_type=\"text-editor.default\">\n\t\t\t\t<div class=\"elementor-widget-container\">\n\t\t\t\t\t\t\t\t\t<p class=\"cvGsUA direction-ltr align-start para-style-body\"><span class=\"a_GcMg font-feature-liga-off font-feature-clig-off font-feature-calt-off text-decoration-none text-strikethrough-none\">O Clube Campestre de Varginha foi fundado em 2 de abril de 1962 por um grupo de rotarianos e inaugurado oficialmente em 21 de setembro do mesmo ano. Sua cria\u00e7\u00e3o teve como prop\u00f3sito promover a cultura f\u00edsica, incentivar a pr\u00e1tica de esportes amadores, fortalecer a vida social e estimular o esp\u00edrito de companheirismo entre os associados.<\/span><\/p><p class=\"cvGsUA direction-ltr align-start para-style-body\"><span class=\"a_GcMg font-feature-liga-off font-feature-clig-off font-feature-calt-off text-decoration-none text-strikethrough-none\">Localizado na Ilha Grande do Rio Verde, no bairro Penedo, munic\u00edpio de Varginha\/MG, o Clube ocupa uma \u00e1rea de 338.800 m\u00b2.<\/span><\/p><p class=\"cvGsUA direction-ltr align-start para-style-body\"><span class=\"a_GcMg font-feature-liga-off font-feature-clig-off font-feature-calt-off text-decoration-none text-strikethrough-none\">Atualmente, o Campestre conta com 2.500 associados propriet\u00e1rios, 124 associados contribuintes e 1 associado benem\u00e9rito.<\/span><\/p><p class=\"cvGsUA direction-ltr align-start para-style-body\"><span class=\"a_GcMg font-feature-liga-off font-feature-clig-off font-feature-calt-off text-decoration-none text-strikethrough-none\">O presidente da gest\u00e3o 2026\u20132028 \u00e9 o senhor Rodrigo Soares.<\/span><\/p>\t\t\t\t\t\t\t\t<\/div>\n\t\t\t\t<\/div>\n\t\t\t\t\t<\/div>\n\t\t<\/div>\n\t\t\t\t<div class=\"elementor-column elementor-col-50 elementor-top-column elementor-element elementor-element-c77c319\" data-id=\"c77c319\" data-element_type=\"column\">\n\t\t\t<div class=\"elementor-widget-wrap elementor-element-populated\">\n\t\t\t\t\t\t<div class=\"elementor-element elementor-element-4389ae8 elementor-widget elementor-widget-video\" data-id=\"4389ae8\" data-element_type=\"widget\" data-settings=\"{&quot;youtube_url&quot;:&quot;https:\\\/\\\/youtu.be\\\/ja6SWAAzNSo?si=NPLbBUDzC3MTgZ8S&quot;,&quot;video_type&quot;:&quot;youtube&quot;,&quot;controls&quot;:&quot;yes&quot;}\" data-widget_type=\"video.default\">\n\t\t\t\t<div class=\"elementor-widget-container\">\n\t\t\t\t\t\t\t<div class=\"elementor-wrapper elementor-open-inline\">\n\t\t\t<div class=\"elementor-video\"><\/div>\t\t<\/div>\n\t\t\t\t\t\t<\/div>\n\t\t\t\t<\/div>\n\t\t\t\t\t<\/div>\n\t\t<\/div>\n\t\t\t\t\t<\/div>\n\t\t<\/section>\n\t\t\t\t<\/div>\n\t\t","protected":false},"excerpt":{"rendered":"<p>SOL, SA\u00daDE E AMIZADE! O Clube Campestre de Varginha foi fundado em 2 de abril de 1962 por um grupo de rotarianos e inaugurado oficialmente em 21 de setembro do mesmo ano. Sua cria\u00e7\u00e3o teve como prop\u00f3sito promover a cultura f\u00edsica, incentivar a pr\u00e1tica de esportes amadores, fortalecer a vida social e estimular o esp\u00edrito de companheirismo entre os associados. Localizado na Ilha Grande do Rio Verde, no bairro Penedo, munic\u00edpio de Varginha\/MG, o Clube ocupa uma \u00e1rea de 338.800 m\u00b2. Atualmente, o Campestre conta com 2.500 associados propriet\u00e1rios, 124 associados contribuintes e 1 associado benem\u00e9rito. O presidente da gest\u00e3o 2026\u20132028 \u00e9 o senhor Rodrigo Soares. https:\/\/youtu.be\/ja6SWAAzNSo?si=NPLbBUDzC3MTgZ8S<\/p>\n","protected":false},"author":3,"featured_media":0,"parent":0,"menu_order":0,"comment_status":"closed","ping_status":"closed","template":"elementor_header_footer","meta":{"footnotes":""},"class_list":["post-8752","page","type-page","status-publish","hentry"],"_links":{"self":[{"href":"https:\/\/campestrevarginha.com.br\/site\/wp-json\/wp\/v2\/pages\/8752","targetHints":{"allow":["GET"]}}],"collection":[{"href":"https:\/\/campestrevarginha.com.br\/site\/wp-json\/wp\/v2\/pages"}],"about":[{"href":"https:\/\/campestrevarginha.com.br\/site\/wp-json\/wp\/v2\/types\/page"}],"author":[{"embeddable":true,"href":"https:\/\/campestrevarginha.com.br\/site\/wp-json\/wp\/v2\/users\/3"}],"replies":[{"embeddable":true,"href":"https:\/\/campestrevarginha.com.br\/site\/wp-json\/wp\/v2\/comments?post=8752"}],"version-history":[{"count":0,"href":"https:\/\/campestrevarginha.com.br\/site\/wp-json\/wp\/v2\/pages\/8752\/revisions"}],"wp:attachment":[{"href":"https:\/\/campestrevarginha.com.br\/site\/wp-json\/wp\/v2\/media?parent=8752"}],"curies":[{"name":"wp","href":"https:\/\/api.w.org\/{rel}","templated":true}]}}